{"id":648,"date":"2022-03-28T12:28:21","date_gmt":"2022-03-28T12:28:21","guid":{"rendered":"http:\/\/demsudemir.com\/?page_id=648"},"modified":"2022-03-28T12:33:20","modified_gmt":"2022-03-28T12:33:20","slug":"srm-tesisat","status":"publish","type":"page","link":"http:\/\/demsudemir.com\/index.php\/srm-tesisat\/","title":{"rendered":"SRM TES\u0130SAT"},"content":{"rendered":"\t\t<div data-elementor-type=\"wp-page\" data-elementor-id=\"648\" class=\"elementor elementor-648\" data-elementor-settings=\"[]\">\n\t\t\t\t\t\t\t<div class=\"elementor-section-wrap\">\n\t\t\t\t\t\t\t<section class=\"elementor-section elementor-top-section elementor-element elementor-element-3fd2004 elementor-section-boxed elementor-section-height-default elementor-section-height-default\" data-id=\"3fd2004\" data-element_type=\"section\" data-settings=\"{&quot;background_background&quot;:&quot;classic&quot;}\">\n\t\t\t\t\t\t<div class=\"elementor-container elementor-column-gap-default\">\n\t\t\t\t\t<div class=\"elementor-column elementor-col-100 elementor-top-column elementor-element elementor-element-a39924d\" data-id=\"a39924d\" data-element_type=\"column\">\n\t\t\t<div class=\"elementor-widget-wrap elementor-element-populated\">\n\t\t\t\t\t\t\t\t<div class=\"elementor-element elementor-element-1775171 elementor-widget elementor-widget-spacer\" data-id=\"1775171\" data-element_type=\"widget\" data-widget_type=\"spacer.default\">\n\t\t\t\t<div class=\"elementor-widget-container\">\n\t\t\t\t\t<div class=\"elementor-spacer\">\n\t\t\t<div class=\"elementor-spacer-inner\"><\/div>\n\t\t<\/div>\n\t\t\t\t<\/div>\n\t\t\t\t<\/div>\n\t\t\t\t\t<\/div>\n\t\t<\/div>\n\t\t\t\t\t\t\t<\/div>\n\t\t<\/section>\n\t\t\t\t<section class=\"elementor-section elementor-top-section elementor-element elementor-element-a55a841 elementor-section-boxed elementor-section-height-default elementor-section-height-default\" data-id=\"a55a841\" data-element_type=\"section\">\n\t\t\t\t\t\t<div class=\"elementor-container elementor-column-gap-default\">\n\t\t\t\t\t<div class=\"elementor-column elementor-col-100 elementor-top-column elementor-element elementor-element-512c1a9\" data-id=\"512c1a9\" data-element_type=\"column\">\n\t\t\t<div class=\"elementor-widget-wrap elementor-element-populated\">\n\t\t\t\t\t\t\t\t<div class=\"elementor-element elementor-element-314d9b8 elementor-widget elementor-widget-spacer\" data-id=\"314d9b8\" data-element_type=\"widget\" data-widget_type=\"spacer.default\">\n\t\t\t\t<div class=\"elementor-widget-container\">\n\t\t\t\t\t<div class=\"elementor-spacer\">\n\t\t\t<div class=\"elementor-spacer-inner\"><\/div>\n\t\t<\/div>\n\t\t\t\t<\/div>\n\t\t\t\t<\/div>\n\t\t\t\t\t<\/div>\n\t\t<\/div>\n\t\t\t\t\t\t\t<\/div>\n\t\t<\/section>\n\t\t\t\t<section class=\"elementor-section elementor-top-section elementor-element elementor-element-8892275 elementor-section-stretched elementor-section-boxed elementor-section-height-default elementor-section-height-default\" data-id=\"8892275\" data-element_type=\"section\" data-settings=\"{&quot;stretch_section&quot;:&quot;section-stretched&quot;}\">\n\t\t\t\t\t\t<div class=\"elementor-container elementor-column-gap-default\">\n\t\t\t\t\t<div class=\"elementor-column elementor-col-100 elementor-top-column elementor-element elementor-element-35083f5\" data-id=\"35083f5\" data-element_type=\"column\">\n\t\t\t<div class=\"elementor-widget-wrap elementor-element-populated\">\n\t\t\t\t\t\t\t\t<section class=\"elementor-section elementor-inner-section elementor-element elementor-element-3ccd4b0 elementor-section-boxed elementor-section-height-default elementor-section-height-default\" data-id=\"3ccd4b0\" data-element_type=\"section\">\n\t\t\t\t\t\t<div class=\"elementor-container elementor-column-gap-default\">\n\t\t\t\t\t<div class=\"elementor-column elementor-col-100 elementor-inner-column elementor-element elementor-element-70b7994\" data-id=\"70b7994\" data-element_type=\"column\">\n\t\t\t<div class=\"elementor-widget-wrap elementor-element-populated\">\n\t\t\t\t\t\t\t\t<div class=\"elementor-element elementor-element-ff61ddf elementor-widget elementor-widget-heading\" data-id=\"ff61ddf\" data-element_type=\"widget\" data-widget_type=\"heading.default\">\n\t\t\t\t<div class=\"elementor-widget-container\">\n\t\t\t<style>\/*! elementor - v3.5.5 - 03-02-2022 *\/\n.elementor-heading-title{padding:0;margin:0;line-height:1}.elementor-widget-heading .elementor-heading-title[class*=elementor-size-]>a{color:inherit;font-size:inherit;line-height:inherit}.elementor-widget-heading .elementor-heading-title.elementor-size-small{font-size:15px}.elementor-widget-heading .elementor-heading-title.elementor-size-medium{font-size:19px}.elementor-widget-heading .elementor-heading-title.elementor-size-large{font-size:29px}.elementor-widget-heading .elementor-heading-title.elementor-size-xl{font-size:39px}.elementor-widget-heading .elementor-heading-title.elementor-size-xxl{font-size:59px}<\/style><h2 class=\"elementor-heading-title elementor-size-default\">SRM TES\u0130SAT BORUSU<\/h2>\t\t<\/div>\n\t\t\t\t<\/div>\n\t\t\t\t<div class=\"elementor-element elementor-element-29ae114 elementor-widget elementor-widget-spacer\" data-id=\"29ae114\" data-element_type=\"widget\" data-widget_type=\"spacer.default\">\n\t\t\t\t<div class=\"elementor-widget-container\">\n\t\t\t\t\t<div class=\"elementor-spacer\">\n\t\t\t<div class=\"elementor-spacer-inner\"><\/div>\n\t\t<\/div>\n\t\t\t\t<\/div>\n\t\t\t\t<\/div>\n\t\t\t\t<div class=\"elementor-element elementor-element-c013fac elementor-widget elementor-widget-text-editor\" data-id=\"c013fac\" data-element_type=\"widget\" data-widget_type=\"text-editor.default\">\n\t\t\t\t<div class=\"elementor-widget-container\">\n\t\t\t<style>\/*! elementor - v3.5.5 - 03-02-2022 *\/\n.elementor-widget-text-editor.elementor-drop-cap-view-stacked .elementor-drop-cap{background-color:#818a91;color:#fff}.elementor-widget-text-editor.elementor-drop-cap-view-framed .elementor-drop-cap{color:#818a91;border:3px solid;background-color:transparent}.elementor-widget-text-editor:not(.elementor-drop-cap-view-default) .elementor-drop-cap{margin-top:8px}.elementor-widget-text-editor:not(.elementor-drop-cap-view-default) .elementor-drop-cap-letter{width:1em;height:1em}.elementor-widget-text-editor .elementor-drop-cap{float:left;text-align:center;line-height:1;font-size:50px}.elementor-widget-text-editor .elementor-drop-cap-letter{display:inline-block}<\/style>\t\t\t\t<div class=\"cdesc ff-pr-07\"><p><strong>SRM tesisat borusu<\/strong>\u00a0uzun \u00f6m\u00fcrl\u00fc olmas\u0131 sebebiyle prestijli konut projelerinde, end\u00fcstriyel tesislerde, \u0131s\u0131tma, so\u011futma, havaland\u0131rma ve yang\u0131n tesisat sistemlerinde kullan\u0131ld\u0131\u011f\u0131 gibi, zorlay\u0131c\u0131 rady\u00fcslerde b\u00fck\u00fcm veya so\u011fuk \u015fekil alma gerektiren sanayi imalatlar\u0131nda kullan\u0131l\u0131r.<\/p><p>\u00d6zel \u00fcretim y\u00f6ntemiyle diki\u015fsiz \u00e7elik boruya alternatif olarak bir\u00e7ok alanda kullan\u0131lan SRM tesisat borular\u0131 diki\u015fsiz boruya g\u00f6re daha uygun maliyetlerle kaliteli bir \u00e7\u00f6z\u00fcm olarak \u00f6n plana \u00e7\u0131kar.<\/p><p>\u00a0<\/p><\/div><div class=\"cbox01\"><h3 class=\"cbox01A ff-hd-11\">SRM Tesisat Borusu \u00dcretim Aral\u0131\u011f\u0131<\/h3><ul class=\"cbox01B\"><li class=\"cbox01B-01\"><h4 class=\"cbox01B-01A\">D\u0131\u015f \u00c7ap<\/h4><span class=\"cbox01B-01B\">21,3 mm (1\/2\u201d) ~ 88,9 mm (3\u201d)<\/span><\/li>\u00a0<li class=\"cbox01B-01\"><h4 class=\"cbox01B-01A\">Et Kal\u0131nl\u0131\u011f\u0131<\/h4><span class=\"cbox01B-01B\">2,00 mm ~7,10 mm<\/span><\/li>\u00a0<li class=\"cbox01B-01\"><h4 class=\"cbox01B-01A\">Boy<\/h4><span class=\"cbox01B-01B\">5,00 \u2013 18,30 m.*<\/span><\/li><\/ul><p class=\"cbox01C\">*Standart olarak 6 metre \u00fcretilmektedir.<\/p><\/div><div class=\"cdescription\"><h3 class=\"ctitle ff-hd-11\">SRM Tesisat Borusu \u00dcr\u00fcn Standartlar\u0131 &amp; \u00c7elik Kaliteleri<\/h3><div class=\"text01 ff-pr-07\"><p>SRM Tesisat borular\u0131m\u0131z a\u015fa\u011f\u0131daki tabloda yer alan standartlarda, kalitelerde ve d\u0131\u015f \u00e7ap aral\u0131\u011f\u0131na \u00fcretilebilmektedir.<\/p><\/div><\/div>\t\t\t\t\t\t<\/div>\n\t\t\t\t<\/div>\n\t\t\t\t<div class=\"elementor-element elementor-element-dfb8cd0 elementor-widget elementor-widget-image\" data-id=\"dfb8cd0\" data-element_type=\"widget\" data-widget_type=\"image.default\">\n\t\t\t\t<div class=\"elementor-widget-container\">\n\t\t\t<style>\/*! elementor - v3.5.5 - 03-02-2022 *\/\n.elementor-widget-image{text-align:center}.elementor-widget-image a{display:inline-block}.elementor-widget-image a img[src$=\".svg\"]{width:48px}.elementor-widget-image img{vertical-align:middle;display:inline-block}<\/style>\t\t\t\t\t\t\t\t\t\t\t\t<img width=\"951\" height=\"292\" src=\"http:\/\/demsudemir.com\/wp-content\/uploads\/2022\/03\/Screenshot_8.png\" class=\"attachment-large size-large\" alt=\"\" loading=\"lazy\" srcset=\"http:\/\/demsudemir.com\/wp-content\/uploads\/2022\/03\/Screenshot_8.png 951w, http:\/\/demsudemir.com\/wp-content\/uploads\/2022\/03\/Screenshot_8-300x92.png 300w, http:\/\/demsudemir.com\/wp-content\/uploads\/2022\/03\/Screenshot_8-768x236.png 768w\" sizes=\"(max-width: 951px) 100vw, 951px\" \/>\t\t\t\t\t\t\t\t\t\t\t\t\t\t\t<\/div>\n\t\t\t\t<\/div>\n\t\t\t\t<div class=\"elementor-element elementor-element-96186a8 elementor-widget elementor-widget-text-editor\" data-id=\"96186a8\" data-element_type=\"widget\" data-widget_type=\"text-editor.default\">\n\t\t\t\t<div class=\"elementor-widget-container\">\n\t\t\t\t\t\t\t<div class=\"cdesc ff-pr-07\"><h3 class=\"ctitle ff-hd-11\">SRM Tesisat Borusu Galvanizleme Standartlar\u0131<\/h3><div class=\"text01 ff-pr-07\"><p>TS EN 10240, ASTM A53, TS 914, EN ISO 1461 (BS 729), NFA 49-700, UNI 5745, SI 103<\/p><\/div><h3 class=\"ctitle ff-hd-11\">SRM Siyah Tesisat Borusunun \u00dcst\u00fcn \u00d6zellikleri<\/h3><div class=\"text01 ff-pr-07\"><p>\u2022 Kolay i\u015flenir; zamandan tasarruf sa\u011flar, kolay \u015fekil al\u0131r. Boruya uygulanan b\u00fck\u00fcm i\u015fleminde, ezilme, kesit daralmas\u0131, kat ve \u00e7atlak olu\u015fmaz.<br \/>\u2022 Korozyona dayan\u0131kl\u0131d\u0131r; homojen yap\u0131s\u0131 sayesinde, Pil Etkisi Korozyonu g\u00f6r\u00fclmez. Standart tesisat borular\u0131na g\u00f6re \u00e7\u00fcr\u00fcmeye \u00e7ok daha dayan\u0131kl\u0131d\u0131r ve uzun \u00f6m\u00fcrl\u00fcd\u00fcr.<br \/>\u2022 \u0130\u00e7 y\u00fczeyi kire\u00e7 tutmaz; kaynak diki\u015fi m\u00fckemmeldir. Boru i\u00e7 y\u00fczeyinin \u00e7apaks\u0131z olmas\u0131 sayesinde kire\u00e7 birikimi olu\u015fmaz.<br \/>\u2022 Avrupa\u2019n\u0131n tercihi; Borusan SRM, y\u00fcksek standartlar\u0131 sayesinde y\u0131llard\u0131r Avrupa \u00fclkelerine ihra\u00e7 edilmektedir.<br \/>\u2022 Su tesisat\u0131 haricinde sanayi imalatlar\u0131nda (serpantin, helezon rezistans, konik s\u0131vama i\u015flemleri, \u00e7ap \u015fi\u015firme i\u015flemleri vb.) m\u00fckemmel sonu\u00e7lar verir.<\/p><\/div><\/div>\t\t\t\t\t\t<\/div>\n\t\t\t\t<\/div>\n\t\t\t\t<div class=\"elementor-element elementor-element-9e5328e elementor-widget elementor-widget-heading\" data-id=\"9e5328e\" data-element_type=\"widget\" data-widget_type=\"heading.default\">\n\t\t\t\t<div class=\"elementor-widget-container\">\n\t\t\t<h2 class=\"elementor-heading-title elementor-size-default\"><a href=\"https:\/\/www.borusanmannesmann.com\/media\/2216\/srm-tesisat-boru-2021.pdf\">Fiyat Listesi ve Daha Fazlas\u0131 \u0130\u00e7in<\/a><\/h2>\t\t<\/div>\n\t\t\t\t<\/div>\n\t\t\t\t\t<\/div>\n\t\t<\/div>\n\t\t\t\t\t\t\t<\/div>\n\t\t<\/section>\n\t\t\t\t<section class=\"elementor-section elementor-inner-section elementor-element elementor-element-952c7bb elementor-section-boxed elementor-section-height-default elementor-section-height-default\" data-id=\"952c7bb\" data-element_type=\"section\">\n\t\t\t\t\t\t<div class=\"elementor-container elementor-column-gap-default\">\n\t\t\t\t\t<div class=\"elementor-column elementor-col-100 elementor-inner-column elementor-element elementor-element-61010a6\" data-id=\"61010a6\" data-element_type=\"column\">\n\t\t\t<div class=\"elementor-widget-wrap elementor-element-populated\">\n\t\t\t\t\t\t\t\t<div class=\"elementor-element elementor-element-0f760bf elementor-widget elementor-widget-spacer\" data-id=\"0f760bf\" data-element_type=\"widget\" data-widget_type=\"spacer.default\">\n\t\t\t\t<div class=\"elementor-widget-container\">\n\t\t\t\t\t<div class=\"elementor-spacer\">\n\t\t\t<div class=\"elementor-spacer-inner\"><\/div>\n\t\t<\/div>\n\t\t\t\t<\/div>\n\t\t\t\t<\/div>\n\t\t\t\t\t<\/div>\n\t\t<\/div>\n\t\t\t\t\t\t\t<\/div>\n\t\t<\/section>\n\t\t\t\t\t<\/div>\n\t\t<\/div>\n\t\t\t\t\t\t\t<\/div>\n\t\t<\/section>\n\t\t\t\t<section class=\"elementor-section elementor-top-section elementor-element elementor-element-df35331 elementor-section-boxed elementor-section-height-default elementor-section-height-default\" data-id=\"df35331\" data-element_type=\"section\">\n\t\t\t\t\t\t<div class=\"elementor-container elementor-column-gap-default\">\n\t\t\t\t\t<div class=\"elementor-column elementor-col-100 elementor-top-column elementor-element elementor-element-a83427c\" data-id=\"a83427c\" data-element_type=\"column\">\n\t\t\t<div class=\"elementor-widget-wrap elementor-element-populated\">\n\t\t\t\t\t\t\t\t<div class=\"elementor-element elementor-element-1c2ed13 elementor-widget elementor-widget-spacer\" data-id=\"1c2ed13\" data-element_type=\"widget\" data-widget_type=\"spacer.default\">\n\t\t\t\t<div class=\"elementor-widget-container\">\n\t\t\t\t\t<div class=\"elementor-spacer\">\n\t\t\t<div class=\"elementor-spacer-inner\"><\/div>\n\t\t<\/div>\n\t\t\t\t<\/div>\n\t\t\t\t<\/div>\n\t\t\t\t\t<\/div>\n\t\t<\/div>\n\t\t\t\t\t\t\t<\/div>\n\t\t<\/section>\n\t\t\t\t\t\t<\/div>\n\t\t\t\t\t<\/div>\n\t\t","protected":false},"excerpt":{"rendered":"<p>SRM TES\u0130SAT BORUSU SRM tesisat borusu\u00a0uzun \u00f6m\u00fcrl\u00fc olmas\u0131 sebebiyle prestijli konut projelerinde, end\u00fcstriyel tesislerde, \u0131s\u0131tma, so\u011futma, havaland\u0131rma ve yang\u0131n tesisat sistemlerinde kullan\u0131ld\u0131\u011f\u0131 gibi, zorlay\u0131c\u0131 rady\u00fcslerde b\u00fck\u00fcm veya so\u011fuk \u015fekil alma gerektiren sanayi imalatlar\u0131nda kullan\u0131l\u0131r. \u00d6zel \u00fcretim y\u00f6ntemiyle diki\u015fsiz \u00e7elik boruya alternatif olarak bir\u00e7ok alanda kullan\u0131lan SRM tesisat borular\u0131 diki\u015fsiz boruya g\u00f6re daha uygun maliyetlerle kaliteli &hellip;<\/p>\n<p class=\"read-more\"> <a class=\"\" href=\"http:\/\/demsudemir.com\/index.php\/srm-tesisat\/\"> <span class=\"screen-reader-text\">SRM TES\u0130SAT<\/span> Devam\u0131 &raquo;<\/a><\/p>\n","protected":false},"author":1,"featured_media":0,"parent":0,"menu_order":0,"comment_status":"closed","ping_status":"closed","template":"","meta":{"site-sidebar-layout":"no-sidebar","site-content-layout":"page-builder","ast-main-header-display":"","ast-hfb-above-header-display":"","ast-hfb-below-header-display":"","ast-hfb-mobile-header-display":"","site-post-title":"disabled","ast-breadcrumbs-content":"","ast-featured-img":"disabled","footer-sml-layout":"","theme-transparent-header-meta":"","adv-header-id-meta":"","stick-header-meta":"","header-above-stick-meta":"","header-main-stick-meta":"","header-below-stick-meta":""},"_links":{"self":[{"href":"http:\/\/demsudemir.com\/index.php\/wp-json\/wp\/v2\/pages\/648"}],"collection":[{"href":"http:\/\/demsudemir.com\/index.php\/wp-json\/wp\/v2\/pages"}],"about":[{"href":"http:\/\/demsudemir.com\/index.php\/wp-json\/wp\/v2\/types\/page"}],"author":[{"embeddable":true,"href":"http:\/\/demsudemir.com\/index.php\/wp-json\/wp\/v2\/users\/1"}],"replies":[{"embeddable":true,"href":"http:\/\/demsudemir.com\/index.php\/wp-json\/wp\/v2\/comments?post=648"}],"version-history":[{"count":7,"href":"http:\/\/demsudemir.com\/index.php\/wp-json\/wp\/v2\/pages\/648\/revisions"}],"predecessor-version":[{"id":656,"href":"http:\/\/demsudemir.com\/index.php\/wp-json\/wp\/v2\/pages\/648\/revisions\/656"}],"wp:attachment":[{"href":"http:\/\/demsudemir.com\/index.php\/wp-json\/wp\/v2\/media?parent=648"}],"curies":[{"name":"wp","href":"https:\/\/api.w.org\/{rel}","templated":true}]}}