{"id":673,"date":"2022-03-28T12:41:01","date_gmt":"2022-03-28T12:41:01","guid":{"rendered":"http:\/\/demsudemir.com\/?page_id=673"},"modified":"2022-04-14T07:30:17","modified_gmt":"2022-04-14T07:30:17","slug":"dogalgaz-borusu","status":"publish","type":"page","link":"http:\/\/demsudemir.com\/index.php\/dogalgaz-borusu\/","title":{"rendered":"DOGALGAZ BORUSU"},"content":{"rendered":"\t\t<div data-elementor-type=\"wp-page\" data-elementor-id=\"673\" class=\"elementor elementor-673\" data-elementor-settings=\"[]\">\n\t\t\t\t\t\t\t<div class=\"elementor-section-wrap\">\n\t\t\t\t\t\t\t<section class=\"elementor-section elementor-top-section elementor-element elementor-element-33ee144 elementor-section-boxed elementor-section-height-default elementor-section-height-default\" data-id=\"33ee144\" data-element_type=\"section\" data-settings=\"{&quot;background_background&quot;:&quot;classic&quot;}\">\n\t\t\t\t\t\t<div class=\"elementor-container elementor-column-gap-default\">\n\t\t\t\t\t<div class=\"elementor-column elementor-col-100 elementor-top-column elementor-element elementor-element-56a1bab\" data-id=\"56a1bab\" data-element_type=\"column\">\n\t\t\t<div class=\"elementor-widget-wrap elementor-element-populated\">\n\t\t\t\t\t\t\t\t<div class=\"elementor-element elementor-element-1bd870f elementor-widget elementor-widget-spacer\" data-id=\"1bd870f\" data-element_type=\"widget\" data-widget_type=\"spacer.default\">\n\t\t\t\t<div class=\"elementor-widget-container\">\n\t\t\t\t\t<div class=\"elementor-spacer\">\n\t\t\t<div class=\"elementor-spacer-inner\"><\/div>\n\t\t<\/div>\n\t\t\t\t<\/div>\n\t\t\t\t<\/div>\n\t\t\t\t\t<\/div>\n\t\t<\/div>\n\t\t\t\t\t\t\t<\/div>\n\t\t<\/section>\n\t\t\t\t<section class=\"elementor-section elementor-top-section elementor-element elementor-element-5593c17 elementor-section-boxed elementor-section-height-default elementor-section-height-default\" data-id=\"5593c17\" data-element_type=\"section\">\n\t\t\t\t\t\t<div class=\"elementor-container elementor-column-gap-default\">\n\t\t\t\t\t<div class=\"elementor-column elementor-col-100 elementor-top-column elementor-element elementor-element-94ff7e6\" data-id=\"94ff7e6\" data-element_type=\"column\">\n\t\t\t<div class=\"elementor-widget-wrap elementor-element-populated\">\n\t\t\t\t\t\t\t\t<div class=\"elementor-element elementor-element-8f3ffa9 elementor-widget elementor-widget-spacer\" data-id=\"8f3ffa9\" data-element_type=\"widget\" data-widget_type=\"spacer.default\">\n\t\t\t\t<div class=\"elementor-widget-container\">\n\t\t\t\t\t<div class=\"elementor-spacer\">\n\t\t\t<div class=\"elementor-spacer-inner\"><\/div>\n\t\t<\/div>\n\t\t\t\t<\/div>\n\t\t\t\t<\/div>\n\t\t\t\t\t<\/div>\n\t\t<\/div>\n\t\t\t\t\t\t\t<\/div>\n\t\t<\/section>\n\t\t\t\t<section class=\"elementor-section elementor-top-section elementor-element elementor-element-d7ac023 elementor-section-stretched elementor-section-boxed elementor-section-height-default elementor-section-height-default\" data-id=\"d7ac023\" data-element_type=\"section\" data-settings=\"{&quot;stretch_section&quot;:&quot;section-stretched&quot;}\">\n\t\t\t\t\t\t<div class=\"elementor-container elementor-column-gap-default\">\n\t\t\t\t\t<div class=\"elementor-column elementor-col-100 elementor-top-column elementor-element elementor-element-06c5b92\" data-id=\"06c5b92\" data-element_type=\"column\">\n\t\t\t<div class=\"elementor-widget-wrap elementor-element-populated\">\n\t\t\t\t\t\t\t\t<section class=\"elementor-section elementor-inner-section elementor-element elementor-element-aa1ea2f elementor-section-boxed elementor-section-height-default elementor-section-height-default\" data-id=\"aa1ea2f\" data-element_type=\"section\">\n\t\t\t\t\t\t<div class=\"elementor-container elementor-column-gap-default\">\n\t\t\t\t\t<div class=\"elementor-column elementor-col-100 elementor-inner-column elementor-element elementor-element-a24b541\" data-id=\"a24b541\" data-element_type=\"column\">\n\t\t\t<div class=\"elementor-widget-wrap elementor-element-populated\">\n\t\t\t\t\t\t\t\t<div class=\"elementor-element elementor-element-607e4ad elementor-widget elementor-widget-heading\" data-id=\"607e4ad\" data-element_type=\"widget\" data-widget_type=\"heading.default\">\n\t\t\t\t<div class=\"elementor-widget-container\">\n\t\t\t<style>\/*! elementor - v3.5.5 - 03-02-2022 *\/\n.elementor-heading-title{padding:0;margin:0;line-height:1}.elementor-widget-heading .elementor-heading-title[class*=elementor-size-]>a{color:inherit;font-size:inherit;line-height:inherit}.elementor-widget-heading .elementor-heading-title.elementor-size-small{font-size:15px}.elementor-widget-heading .elementor-heading-title.elementor-size-medium{font-size:19px}.elementor-widget-heading .elementor-heading-title.elementor-size-large{font-size:29px}.elementor-widget-heading .elementor-heading-title.elementor-size-xl{font-size:39px}.elementor-widget-heading .elementor-heading-title.elementor-size-xxl{font-size:59px}<\/style><h2 class=\"elementor-heading-title elementor-size-default\">DO\u011eALGAZ BORULARI<\/h2>\t\t<\/div>\n\t\t\t\t<\/div>\n\t\t\t\t<div class=\"elementor-element elementor-element-af6024d elementor-widget elementor-widget-spacer\" data-id=\"af6024d\" data-element_type=\"widget\" data-widget_type=\"spacer.default\">\n\t\t\t\t<div class=\"elementor-widget-container\">\n\t\t\t\t\t<div class=\"elementor-spacer\">\n\t\t\t<div class=\"elementor-spacer-inner\"><\/div>\n\t\t<\/div>\n\t\t\t\t<\/div>\n\t\t\t\t<\/div>\n\t\t\t\t<div class=\"elementor-element elementor-element-07c0c59 elementor-widget elementor-widget-text-editor\" data-id=\"07c0c59\" data-element_type=\"widget\" data-widget_type=\"text-editor.default\">\n\t\t\t\t<div class=\"elementor-widget-container\">\n\t\t\t<style>\/*! elementor - v3.5.5 - 03-02-2022 *\/\n.elementor-widget-text-editor.elementor-drop-cap-view-stacked .elementor-drop-cap{background-color:#818a91;color:#fff}.elementor-widget-text-editor.elementor-drop-cap-view-framed .elementor-drop-cap{color:#818a91;border:3px solid;background-color:transparent}.elementor-widget-text-editor:not(.elementor-drop-cap-view-default) .elementor-drop-cap{margin-top:8px}.elementor-widget-text-editor:not(.elementor-drop-cap-view-default) .elementor-drop-cap-letter{width:1em;height:1em}.elementor-widget-text-editor .elementor-drop-cap{float:left;text-align:center;line-height:1;font-size:50px}.elementor-widget-text-editor .elementor-drop-cap-letter{display:inline-block}<\/style>\t\t\t\t<div class=\"cdesc ff-pr-07\">\u00a0<\/div><div class=\"cbox01\"><div class=\"cbox01\"><p class=\"cbox01C\"><span style=\"font-size: 1.5em; font-weight: bold;\">Do\u011fal Gaz Borusu \u00dcretim Standartlar\u0131 &amp; \u00c7elik Kaliteleri<\/span><\/p><\/div><div class=\"cdescription\"><div class=\"text01 ff-pr-07\"><p>Do\u011fal Gaz borular\u0131m\u0131z a\u015fa\u011f\u0131daki tabloda yer alan \u00fcretim standartlar\u0131nda ve kalitelerindeki \u00e7elikten \u00fcretilmektedir.<\/p><\/div><\/div><\/div>\t\t\t\t\t\t<\/div>\n\t\t\t\t<\/div>\n\t\t\t\t<div class=\"elementor-element elementor-element-be277c2 elementor-widget elementor-widget-image\" data-id=\"be277c2\" data-element_type=\"widget\" data-widget_type=\"image.default\">\n\t\t\t\t<div class=\"elementor-widget-container\">\n\t\t\t<style>\/*! elementor - v3.5.5 - 03-02-2022 *\/\n.elementor-widget-image{text-align:center}.elementor-widget-image a{display:inline-block}.elementor-widget-image a img[src$=\".svg\"]{width:48px}.elementor-widget-image img{vertical-align:middle;display:inline-block}<\/style>\t\t\t\t\t\t\t\t\t\t\t\t<img width=\"622\" height=\"156\" src=\"http:\/\/demsudemir.com\/wp-content\/uploads\/2022\/03\/Screenshot_10.png\" class=\"attachment-medium_large size-medium_large\" alt=\"\" loading=\"lazy\" srcset=\"http:\/\/demsudemir.com\/wp-content\/uploads\/2022\/03\/Screenshot_10.png 622w, http:\/\/demsudemir.com\/wp-content\/uploads\/2022\/03\/Screenshot_10-300x75.png 300w\" sizes=\"(max-width: 622px) 100vw, 622px\" \/>\t\t\t\t\t\t\t\t\t\t\t\t\t\t\t<\/div>\n\t\t\t\t<\/div>\n\t\t\t\t<div class=\"elementor-element elementor-element-566857d elementor-widget elementor-widget-text-editor\" data-id=\"566857d\" data-element_type=\"widget\" data-widget_type=\"text-editor.default\">\n\t\t\t\t<div class=\"elementor-widget-container\">\n\t\t\t\t\t\t\t<h3 class=\"ctitle ff-hd-11\">Kaynak A\u011fz\u0131 A\u00e7ma Standartlar\u0131<\/h3><div class=\"text01 ff-pr-07\"><p>T\u00fcm do\u011fal gaz borular\u0131 kaynak a\u011f\u0131zl\u0131d\u0131r. Standart stok \u00fcr\u00fcnleri 30\u00b0 olup, talep edilmesi halinde 45\u00b0 ve 60\u00b0 a\u00e7\u0131yla kaynak a\u011fz\u0131 a\u00e7\u0131labilmektedir.\u00a0<\/p><\/div><h3 class=\"ctitle ff-hd-11\">Do\u011fal Gaz Borusu Standart Stoklar\u0131:<\/h3><div class=\"text01 ff-pr-07\"><p>\u2022 1\/2\u201d- 3\u201d aras\u0131 do\u011fal gaz borular\u0131m\u0131z EN ISO 3183 standart\u0131nda siyah astar boyal\u0131 ve PE kapl\u0131 olarak stoklara \u00fcretilmektedir.<br \/>\u2022 4\u201d-12\u201d aras\u0131 do\u011fal gaz borular\u0131m\u0131z EN ISO 3183 ve API 5L standartlar\u0131nda siyah astar boyal\u0131 ve PE kapl\u0131 olarak stoklara \u00fcretilebilmektedir.<\/p><\/div><h3 class=\"ctitle ff-hd-11\">Do\u011fal Gaz Borusu \u00dcretim Aral\u0131\u011f\u0131<\/h3>\t\t\t\t\t\t<\/div>\n\t\t\t\t<\/div>\n\t\t\t\t<div class=\"elementor-element elementor-element-b53e5eb elementor-widget elementor-widget-heading\" data-id=\"b53e5eb\" data-element_type=\"widget\" data-widget_type=\"heading.default\">\n\t\t\t\t<div class=\"elementor-widget-container\">\n\t\t\t<h2 class=\"elementor-heading-title elementor-size-default\"><a href=\"https:\/\/www.borusanmannesmann.com\/media\/2212\/dogalgaz-borular-2021.pdf\">Fiyat Listesi ve Daha Fazlas\u0131 \u0130\u00e7in<\/a><\/h2>\t\t<\/div>\n\t\t\t\t<\/div>\n\t\t\t\t\t<\/div>\n\t\t<\/div>\n\t\t\t\t\t\t\t<\/div>\n\t\t<\/section>\n\t\t\t\t<section class=\"elementor-section elementor-inner-section elementor-element elementor-element-ea67b81 elementor-section-boxed elementor-section-height-default elementor-section-height-default\" data-id=\"ea67b81\" data-element_type=\"section\">\n\t\t\t\t\t\t<div class=\"elementor-container elementor-column-gap-default\">\n\t\t\t\t\t<div class=\"elementor-column elementor-col-100 elementor-inner-column elementor-element elementor-element-5b0af00\" data-id=\"5b0af00\" data-element_type=\"column\">\n\t\t\t<div class=\"elementor-widget-wrap elementor-element-populated\">\n\t\t\t\t\t\t\t\t<div class=\"elementor-element elementor-element-5e9959d elementor-widget elementor-widget-spacer\" data-id=\"5e9959d\" data-element_type=\"widget\" data-widget_type=\"spacer.default\">\n\t\t\t\t<div class=\"elementor-widget-container\">\n\t\t\t\t\t<div class=\"elementor-spacer\">\n\t\t\t<div class=\"elementor-spacer-inner\"><\/div>\n\t\t<\/div>\n\t\t\t\t<\/div>\n\t\t\t\t<\/div>\n\t\t\t\t\t<\/div>\n\t\t<\/div>\n\t\t\t\t\t\t\t<\/div>\n\t\t<\/section>\n\t\t\t\t\t<\/div>\n\t\t<\/div>\n\t\t\t\t\t\t\t<\/div>\n\t\t<\/section>\n\t\t\t\t<section class=\"elementor-section elementor-top-section elementor-element elementor-element-3c1844e elementor-section-boxed elementor-section-height-default elementor-section-height-default\" data-id=\"3c1844e\" data-element_type=\"section\">\n\t\t\t\t\t\t<div class=\"elementor-container elementor-column-gap-default\">\n\t\t\t\t\t<div class=\"elementor-column elementor-col-100 elementor-top-column elementor-element elementor-element-af05930\" data-id=\"af05930\" data-element_type=\"column\">\n\t\t\t<div class=\"elementor-widget-wrap elementor-element-populated\">\n\t\t\t\t\t\t\t\t<div class=\"elementor-element elementor-element-8d79063 elementor-widget elementor-widget-spacer\" data-id=\"8d79063\" data-element_type=\"widget\" data-widget_type=\"spacer.default\">\n\t\t\t\t<div class=\"elementor-widget-container\">\n\t\t\t\t\t<div class=\"elementor-spacer\">\n\t\t\t<div class=\"elementor-spacer-inner\"><\/div>\n\t\t<\/div>\n\t\t\t\t<\/div>\n\t\t\t\t<\/div>\n\t\t\t\t\t<\/div>\n\t\t<\/div>\n\t\t\t\t\t\t\t<\/div>\n\t\t<\/section>\n\t\t\t\t\t\t<\/div>\n\t\t\t\t\t<\/div>\n\t\t","protected":false},"excerpt":{"rendered":"<p>DO\u011eALGAZ BORULARI \u00a0 Do\u011fal Gaz Borusu \u00dcretim Standartlar\u0131 &amp; \u00c7elik Kaliteleri Do\u011fal Gaz borular\u0131m\u0131z a\u015fa\u011f\u0131daki tabloda yer alan \u00fcretim standartlar\u0131nda ve kalitelerindeki \u00e7elikten \u00fcretilmektedir. Kaynak A\u011fz\u0131 A\u00e7ma Standartlar\u0131 T\u00fcm do\u011fal gaz borular\u0131 kaynak a\u011f\u0131zl\u0131d\u0131r. Standart stok \u00fcr\u00fcnleri 30\u00b0 olup, talep edilmesi halinde 45\u00b0 ve 60\u00b0 a\u00e7\u0131yla kaynak a\u011fz\u0131 a\u00e7\u0131labilmektedir.\u00a0 Do\u011fal Gaz Borusu Standart Stoklar\u0131: \u2022 &hellip;<\/p>\n<p class=\"read-more\"> <a class=\"\" href=\"http:\/\/demsudemir.com\/index.php\/dogalgaz-borusu\/\"> <span class=\"screen-reader-text\">DOGALGAZ BORUSU<\/span> Devam\u0131 &raquo;<\/a><\/p>\n","protected":false},"author":1,"featured_media":0,"parent":0,"menu_order":0,"comment_status":"closed","ping_status":"closed","template":"","meta":{"site-sidebar-layout":"no-sidebar","site-content-layout":"page-builder","ast-main-header-display":"","ast-hfb-above-header-display":"","ast-hfb-below-header-display":"","ast-hfb-mobile-header-display":"","site-post-title":"disabled","ast-breadcrumbs-content":"","ast-featured-img":"disabled","footer-sml-layout":"","theme-transparent-header-meta":"","adv-header-id-meta":"","stick-header-meta":"","header-above-stick-meta":"","header-main-stick-meta":"","header-below-stick-meta":""},"_links":{"self":[{"href":"http:\/\/demsudemir.com\/index.php\/wp-json\/wp\/v2\/pages\/673"}],"collection":[{"href":"http:\/\/demsudemir.com\/index.php\/wp-json\/wp\/v2\/pages"}],"about":[{"href":"http:\/\/demsudemir.com\/index.php\/wp-json\/wp\/v2\/types\/page"}],"author":[{"embeddable":true,"href":"http:\/\/demsudemir.com\/index.php\/wp-json\/wp\/v2\/users\/1"}],"replies":[{"embeddable":true,"href":"http:\/\/demsudemir.com\/index.php\/wp-json\/wp\/v2\/comments?post=673"}],"version-history":[{"count":13,"href":"http:\/\/demsudemir.com\/index.php\/wp-json\/wp\/v2\/pages\/673\/revisions"}],"predecessor-version":[{"id":844,"href":"http:\/\/demsudemir.com\/index.php\/wp-json\/wp\/v2\/pages\/673\/revisions\/844"}],"wp:attachment":[{"href":"http:\/\/demsudemir.com\/index.php\/wp-json\/wp\/v2\/media?parent=673"}],"curies":[{"name":"wp","href":"https:\/\/api.w.org\/{rel}","templated":true}]}}